{"id":9948,"date":"2017-06-14T08:36:16","date_gmt":"2017-06-14T08:36:16","guid":{"rendered":"https:\/\/www.floorproof.com\/product\/2c-hyper\/"},"modified":"2021-01-19T10:47:33","modified_gmt":"2021-01-19T10:47:33","slug":"2c-hyper","status":"publish","type":"product","link":"https:\/\/www.floorproof.com\/de\/produkt\/2c-hyper\/","title":{"rendered":"2C Hyper"},"content":{"rendered":"\t\t<div data-elementor-type=\"wp-post\" data-elementor-id=\"9948\" class=\"elementor elementor-9948 elementor-48\" data-elementor-post-type=\"product\">\n\t\t\t\t\t\t<section class=\"elementor-section elementor-top-section elementor-element elementor-element-c1dec0d elementor-section-boxed elementor-section-height-default elementor-section-height-default wd-section-disabled\" data-id=\"c1dec0d\" data-element_type=\"section\" data-e-type=\"section\">\n\t\t\t\t\t\t<div class=\"elementor-container elementor-column-gap-default\">\n\t\t\t\t\t<div class=\"elementor-column elementor-col-100 elementor-top-column elementor-element elementor-element-52ae321\" data-id=\"52ae321\" data-element_type=\"column\" data-e-type=\"column\">\n\t\t\t<div class=\"elementor-widget-wrap elementor-element-populated\">\n\t\t\t\t\t\t<div class=\"elementor-element elementor-element-bd0b980 elementor-widget elementor-widget-wp-widget-text\" data-id=\"bd0b980\" data-element_type=\"widget\" data-e-type=\"widget\" data-widget_type=\"wp-widget-text.default\">\n\t\t\t\t<div class=\"elementor-widget-container\">\n\t\t\t\t\t\t\t\t<div class=\"textwidget\"><div class=\"woocommerce-product-details__short-description\">\n<p>Deze alleskunner is geschikt voor alle vloeren, maar omdat dit een harde insert is zal hij op harde vloeren meer geluid produceren. Zeer geschikt voor plaatsen waar geschoven wordt met zware stoelen, of bijvoorbeeld in de zorg waar mensen in een stoel aangeschoven dienen te worden.<\/p>\n<\/div>\n<\/div>\n\t\t\t\t\t\t<\/div>\n\t\t\t\t<\/div>\n\t\t\t\t\t<\/div>\n\t\t<\/div>\n\t\t\t\t\t<\/div>\n\t\t<\/section>\n\t\t\t\t<\/div>\n\t\t","protected":false},"excerpt":{"rendered":"<p>Dieser Allrounder ist f\u00fcr alle B\u00f6den geeignet. Da es sich jedoch um einen harten Einsatz handelt, wird auf harten B\u00f6den mehr L\u00e4rm erzeugt. Sehr gut geeignet f\u00fcr Orte, an denen mit schweren St\u00fchlen gerutscht wird, oder zum Beispiel in der Pflege, wo Menschen auf einen Stuhl geschoben werden m\u00fcssen.<\/p>\n","protected":false},"featured_media":9733,"template":"","meta":[],"product_cat":[84],"product_tag":[],"class_list":{"0":"post-9948","1":"product","2":"type-product","3":"status-publish","4":"has-post-thumbnail","6":"product_cat-einsaetze","8":"first","9":"instock","10":"taxable","11":"shipping-taxable","12":"purchasable","13":"product-type-simple"},"yoast_head":"<!-- This site is optimized with the Yoast SEO plugin v26.8 - https:\/\/yoast.com\/product\/yoast-seo-wordpress\/ -->\n<title>2C Hyper - Floorproof<\/title>\n<meta name=\"robots\" content=\"index, follow, max-snippet:-1, max-image-preview:large, max-video-preview:-1\" \/>\n<link rel=\"canonical\" href=\"https:\/\/www.floorproof.com\/de\/produkt\/2c-hyper\/\" \/>\n<meta property=\"og:locale\" content=\"de_DE\" \/>\n<meta property=\"og:type\" content=\"article\" \/>\n<meta property=\"og:title\" content=\"2C Hyper - Floorproof\" \/>\n<meta property=\"og:description\" content=\"Dieser Allrounder ist f\u00fcr alle B\u00f6den geeignet. Da es sich jedoch um einen harten Einsatz handelt, wird auf harten B\u00f6den mehr L\u00e4rm erzeugt. Sehr gut geeignet f\u00fcr Orte, an denen mit schweren St\u00fchlen gerutscht wird, oder zum Beispiel in der Pflege, wo Menschen auf einen Stuhl geschoben werden m\u00fcssen.\" \/>\n<meta property=\"og:url\" content=\"https:\/\/www.floorproof.com\/de\/produkt\/2c-hyper\/\" \/>\n<meta property=\"og:site_name\" content=\"Floorproof\" \/>\n<meta property=\"article:modified_time\" content=\"2021-01-19T10:47:33+00:00\" \/>\n<meta property=\"og:image\" content=\"https:\/\/www.floorproof.com\/wp-content\/uploads\/2017\/06\/7-scaled-1.jpg\" \/>\n\t<meta property=\"og:image:width\" content=\"2560\" \/>\n\t<meta property=\"og:image:height\" content=\"2560\" \/>\n\t<meta property=\"og:image:type\" content=\"image\/jpeg\" \/>\n<meta name=\"twitter:card\" content=\"summary_large_image\" \/>\n<script type=\"application\/ld+json\" class=\"yoast-schema-graph\">{\"@context\":\"https:\/\/schema.org\",\"@graph\":[{\"@type\":\"WebPage\",\"@id\":\"https:\/\/www.floorproof.com\/de\/produkt\/2c-hyper\/\",\"url\":\"https:\/\/www.floorproof.com\/de\/produkt\/2c-hyper\/\",\"name\":\"2C Hyper - Floorproof\",\"isPartOf\":{\"@id\":\"https:\/\/www.floorproof.com\/de\/#website\"},\"primaryImageOfPage\":{\"@id\":\"https:\/\/www.floorproof.com\/de\/produkt\/2c-hyper\/#primaryimage\"},\"image\":{\"@id\":\"https:\/\/www.floorproof.com\/de\/produkt\/2c-hyper\/#primaryimage\"},\"thumbnailUrl\":\"https:\/\/www.floorproof.com\/wp-content\/uploads\/2017\/06\/7-scaled-1.jpg\",\"datePublished\":\"2017-06-14T08:36:16+00:00\",\"dateModified\":\"2021-01-19T10:47:33+00:00\",\"breadcrumb\":{\"@id\":\"https:\/\/www.floorproof.com\/de\/produkt\/2c-hyper\/#breadcrumb\"},\"inLanguage\":\"de\",\"potentialAction\":[{\"@type\":\"ReadAction\",\"target\":[\"https:\/\/www.floorproof.com\/de\/produkt\/2c-hyper\/\"]}]},{\"@type\":\"ImageObject\",\"inLanguage\":\"de\",\"@id\":\"https:\/\/www.floorproof.com\/de\/produkt\/2c-hyper\/#primaryimage\",\"url\":\"https:\/\/www.floorproof.com\/wp-content\/uploads\/2017\/06\/7-scaled-1.jpg\",\"contentUrl\":\"https:\/\/www.floorproof.com\/wp-content\/uploads\/2017\/06\/7-scaled-1.jpg\",\"width\":2560,\"height\":2560},{\"@type\":\"BreadcrumbList\",\"@id\":\"https:\/\/www.floorproof.com\/de\/produkt\/2c-hyper\/#breadcrumb\",\"itemListElement\":[{\"@type\":\"ListItem\",\"position\":1,\"name\":\"Home\",\"item\":\"https:\/\/www.floorproof.com\/de\/\"},{\"@type\":\"ListItem\",\"position\":2,\"name\":\"Shop\",\"item\":\"https:\/\/www.floorproof.com\/de\/shop\/\"},{\"@type\":\"ListItem\",\"position\":3,\"name\":\"2C Hyper\"}]},{\"@type\":\"WebSite\",\"@id\":\"https:\/\/www.floorproof.com\/de\/#website\",\"url\":\"https:\/\/www.floorproof.com\/de\/\",\"name\":\"Floorproof\",\"description\":\"\",\"potentialAction\":[{\"@type\":\"SearchAction\",\"target\":{\"@type\":\"EntryPoint\",\"urlTemplate\":\"https:\/\/www.floorproof.com\/de\/?s={search_term_string}\"},\"query-input\":{\"@type\":\"PropertyValueSpecification\",\"valueRequired\":true,\"valueName\":\"search_term_string\"}}],\"inLanguage\":\"de\"}]}<\/script>\n<!-- \/ Yoast SEO plugin. -->","yoast_head_json":{"title":"2C Hyper - Floorproof","robots":{"index":"index","follow":"follow","max-snippet":"max-snippet:-1","max-image-preview":"max-image-preview:large","max-video-preview":"max-video-preview:-1"},"canonical":"https:\/\/www.floorproof.com\/de\/produkt\/2c-hyper\/","og_locale":"de_DE","og_type":"article","og_title":"2C Hyper - Floorproof","og_description":"Dieser Allrounder ist f\u00fcr alle B\u00f6den geeignet. Da es sich jedoch um einen harten Einsatz handelt, wird auf harten B\u00f6den mehr L\u00e4rm erzeugt. Sehr gut geeignet f\u00fcr Orte, an denen mit schweren St\u00fchlen gerutscht wird, oder zum Beispiel in der Pflege, wo Menschen auf einen Stuhl geschoben werden m\u00fcssen.","og_url":"https:\/\/www.floorproof.com\/de\/produkt\/2c-hyper\/","og_site_name":"Floorproof","article_modified_time":"2021-01-19T10:47:33+00:00","og_image":[{"width":2560,"height":2560,"url":"https:\/\/www.floorproof.com\/wp-content\/uploads\/2017\/06\/7-scaled-1.jpg","type":"image\/jpeg"}],"twitter_card":"summary_large_image","schema":{"@context":"https:\/\/schema.org","@graph":[{"@type":"WebPage","@id":"https:\/\/www.floorproof.com\/de\/produkt\/2c-hyper\/","url":"https:\/\/www.floorproof.com\/de\/produkt\/2c-hyper\/","name":"2C Hyper - Floorproof","isPartOf":{"@id":"https:\/\/www.floorproof.com\/de\/#website"},"primaryImageOfPage":{"@id":"https:\/\/www.floorproof.com\/de\/produkt\/2c-hyper\/#primaryimage"},"image":{"@id":"https:\/\/www.floorproof.com\/de\/produkt\/2c-hyper\/#primaryimage"},"thumbnailUrl":"https:\/\/www.floorproof.com\/wp-content\/uploads\/2017\/06\/7-scaled-1.jpg","datePublished":"2017-06-14T08:36:16+00:00","dateModified":"2021-01-19T10:47:33+00:00","breadcrumb":{"@id":"https:\/\/www.floorproof.com\/de\/produkt\/2c-hyper\/#breadcrumb"},"inLanguage":"de","potentialAction":[{"@type":"ReadAction","target":["https:\/\/www.floorproof.com\/de\/produkt\/2c-hyper\/"]}]},{"@type":"ImageObject","inLanguage":"de","@id":"https:\/\/www.floorproof.com\/de\/produkt\/2c-hyper\/#primaryimage","url":"https:\/\/www.floorproof.com\/wp-content\/uploads\/2017\/06\/7-scaled-1.jpg","contentUrl":"https:\/\/www.floorproof.com\/wp-content\/uploads\/2017\/06\/7-scaled-1.jpg","width":2560,"height":2560},{"@type":"BreadcrumbList","@id":"https:\/\/www.floorproof.com\/de\/produkt\/2c-hyper\/#breadcrumb","itemListElement":[{"@type":"ListItem","position":1,"name":"Home","item":"https:\/\/www.floorproof.com\/de\/"},{"@type":"ListItem","position":2,"name":"Shop","item":"https:\/\/www.floorproof.com\/de\/shop\/"},{"@type":"ListItem","position":3,"name":"2C Hyper"}]},{"@type":"WebSite","@id":"https:\/\/www.floorproof.com\/de\/#website","url":"https:\/\/www.floorproof.com\/de\/","name":"Floorproof","description":"","potentialAction":[{"@type":"SearchAction","target":{"@type":"EntryPoint","urlTemplate":"https:\/\/www.floorproof.com\/de\/?s={search_term_string}"},"query-input":{"@type":"PropertyValueSpecification","valueRequired":true,"valueName":"search_term_string"}}],"inLanguage":"de"}]}},"_links":{"self":[{"href":"https:\/\/www.floorproof.com\/de\/wp-json\/wp\/v2\/product\/9948","targetHints":{"allow":["GET"]}}],"collection":[{"href":"https:\/\/www.floorproof.com\/de\/wp-json\/wp\/v2\/product"}],"about":[{"href":"https:\/\/www.floorproof.com\/de\/wp-json\/wp\/v2\/types\/product"}],"version-history":[{"count":3,"href":"https:\/\/www.floorproof.com\/de\/wp-json\/wp\/v2\/product\/9948\/revisions"}],"predecessor-version":[{"id":10596,"href":"https:\/\/www.floorproof.com\/de\/wp-json\/wp\/v2\/product\/9948\/revisions\/10596"}],"wp:featuredmedia":[{"embeddable":true,"href":"https:\/\/www.floorproof.com\/de\/wp-json\/wp\/v2\/media\/9733"}],"wp:attachment":[{"href":"https:\/\/www.floorproof.com\/de\/wp-json\/wp\/v2\/media?parent=9948"}],"wp:term":[{"taxonomy":"product_cat","embeddable":true,"href":"https:\/\/www.floorproof.com\/de\/wp-json\/wp\/v2\/product_cat?post=9948"},{"taxonomy":"product_tag","embeddable":true,"href":"https:\/\/www.floorproof.com\/de\/wp-json\/wp\/v2\/product_tag?post=9948"}],"curies":[{"name":"wp","href":"https:\/\/api.w.org\/{rel}","templated":true}]}}