{"id":9957,"date":"2017-06-14T08:07:28","date_gmt":"2017-06-14T08:07:28","guid":{"rendered":"https:\/\/www.floorproof.com\/product\/3b-black\/"},"modified":"2021-01-19T10:53:36","modified_gmt":"2021-01-19T10:53:36","slug":"3b-black","status":"publish","type":"product","link":"https:\/\/www.floorproof.com\/de\/produkt\/3b-black\/","title":{"rendered":"3B Black"},"content":{"rendered":"\t\t<div data-elementor-type=\"wp-post\" data-elementor-id=\"9957\" class=\"elementor elementor-9957 elementor-42\" data-elementor-post-type=\"product\">\n\t\t\t\t\t\t<section class=\"elementor-section elementor-top-section elementor-element elementor-element-60ce8ac elementor-section-boxed elementor-section-height-default elementor-section-height-default wd-section-disabled\" data-id=\"60ce8ac\" data-element_type=\"section\" data-e-type=\"section\">\n\t\t\t\t\t\t<div class=\"elementor-container elementor-column-gap-default\">\n\t\t\t\t\t<div class=\"elementor-column elementor-col-100 elementor-top-column elementor-element elementor-element-069895f\" data-id=\"069895f\" data-element_type=\"column\" data-e-type=\"column\">\n\t\t\t<div class=\"elementor-widget-wrap elementor-element-populated\">\n\t\t\t\t\t\t<div class=\"elementor-element elementor-element-0452eb9 elementor-widget elementor-widget-wp-widget-text\" data-id=\"0452eb9\" data-element_type=\"widget\" data-e-type=\"widget\" data-widget_type=\"wp-widget-text.default\">\n\t\t\t\t<div class=\"elementor-widget-container\">\n\t\t\t\t\t\t\t\t<div class=\"textwidget\"><p>Deze is geschikt voor buiten, maar ook voor binnen op tapijt.<\/p>\n<\/div>\n\t\t\t\t\t\t<\/div>\n\t\t\t\t<\/div>\n\t\t\t\t\t<\/div>\n\t\t<\/div>\n\t\t\t\t\t<\/div>\n\t\t<\/section>\n\t\t\t\t<\/div>\n\t\t","protected":false},"excerpt":{"rendered":"<p>Diese ist sehr geeignet f\u00fcr das Au\u00dfenbereich, aber auch f\u00fcr den Teppichboden Innen.<\/p>\n","protected":false},"featured_media":9739,"template":"","meta":[],"product_cat":[84],"product_tag":[],"class_list":{"0":"post-9957","1":"product","2":"type-product","3":"status-publish","4":"has-post-thumbnail","6":"product_cat-einsaetze","8":"first","9":"instock","10":"taxable","11":"shipping-taxable","12":"purchasable","13":"product-type-simple"},"yoast_head":"<!-- This site is optimized with the Yoast SEO plugin v26.8 - https:\/\/yoast.com\/product\/yoast-seo-wordpress\/ -->\n<title>3B Black - Floorproof<\/title>\n<meta name=\"robots\" content=\"index, follow, max-snippet:-1, max-image-preview:large, max-video-preview:-1\" \/>\n<link rel=\"canonical\" href=\"https:\/\/www.floorproof.com\/de\/produkt\/3b-black\/\" \/>\n<meta property=\"og:locale\" content=\"de_DE\" \/>\n<meta property=\"og:type\" content=\"article\" \/>\n<meta property=\"og:title\" content=\"3B Black - Floorproof\" \/>\n<meta property=\"og:description\" content=\"Diese ist sehr geeignet f\u00fcr das Au\u00dfenbereich, aber auch f\u00fcr den Teppichboden Innen.\" \/>\n<meta property=\"og:url\" content=\"https:\/\/www.floorproof.com\/de\/produkt\/3b-black\/\" \/>\n<meta property=\"og:site_name\" content=\"Floorproof\" \/>\n<meta property=\"article:modified_time\" content=\"2021-01-19T10:53:36+00:00\" \/>\n<meta property=\"og:image\" content=\"https:\/\/www.floorproof.com\/wp-content\/uploads\/2017\/06\/28-scaled-1.jpg\" \/>\n\t<meta property=\"og:image:width\" content=\"2560\" \/>\n\t<meta property=\"og:image:height\" content=\"2560\" \/>\n\t<meta property=\"og:image:type\" content=\"image\/jpeg\" \/>\n<meta name=\"twitter:card\" content=\"summary_large_image\" \/>\n<script type=\"application\/ld+json\" class=\"yoast-schema-graph\">{\"@context\":\"https:\/\/schema.org\",\"@graph\":[{\"@type\":\"WebPage\",\"@id\":\"https:\/\/www.floorproof.com\/de\/produkt\/3b-black\/\",\"url\":\"https:\/\/www.floorproof.com\/de\/produkt\/3b-black\/\",\"name\":\"3B Black - Floorproof\",\"isPartOf\":{\"@id\":\"https:\/\/www.floorproof.com\/de\/#website\"},\"primaryImageOfPage\":{\"@id\":\"https:\/\/www.floorproof.com\/de\/produkt\/3b-black\/#primaryimage\"},\"image\":{\"@id\":\"https:\/\/www.floorproof.com\/de\/produkt\/3b-black\/#primaryimage\"},\"thumbnailUrl\":\"https:\/\/www.floorproof.com\/wp-content\/uploads\/2017\/06\/28-scaled-1.jpg\",\"datePublished\":\"2017-06-14T08:07:28+00:00\",\"dateModified\":\"2021-01-19T10:53:36+00:00\",\"breadcrumb\":{\"@id\":\"https:\/\/www.floorproof.com\/de\/produkt\/3b-black\/#breadcrumb\"},\"inLanguage\":\"de\",\"potentialAction\":[{\"@type\":\"ReadAction\",\"target\":[\"https:\/\/www.floorproof.com\/de\/produkt\/3b-black\/\"]}]},{\"@type\":\"ImageObject\",\"inLanguage\":\"de\",\"@id\":\"https:\/\/www.floorproof.com\/de\/produkt\/3b-black\/#primaryimage\",\"url\":\"https:\/\/www.floorproof.com\/wp-content\/uploads\/2017\/06\/28-scaled-1.jpg\",\"contentUrl\":\"https:\/\/www.floorproof.com\/wp-content\/uploads\/2017\/06\/28-scaled-1.jpg\",\"width\":2560,\"height\":2560},{\"@type\":\"BreadcrumbList\",\"@id\":\"https:\/\/www.floorproof.com\/de\/produkt\/3b-black\/#breadcrumb\",\"itemListElement\":[{\"@type\":\"ListItem\",\"position\":1,\"name\":\"Home\",\"item\":\"https:\/\/www.floorproof.com\/de\/\"},{\"@type\":\"ListItem\",\"position\":2,\"name\":\"Shop\",\"item\":\"https:\/\/www.floorproof.com\/de\/shop\/\"},{\"@type\":\"ListItem\",\"position\":3,\"name\":\"3B Black\"}]},{\"@type\":\"WebSite\",\"@id\":\"https:\/\/www.floorproof.com\/de\/#website\",\"url\":\"https:\/\/www.floorproof.com\/de\/\",\"name\":\"Floorproof\",\"description\":\"\",\"potentialAction\":[{\"@type\":\"SearchAction\",\"target\":{\"@type\":\"EntryPoint\",\"urlTemplate\":\"https:\/\/www.floorproof.com\/de\/?s={search_term_string}\"},\"query-input\":{\"@type\":\"PropertyValueSpecification\",\"valueRequired\":true,\"valueName\":\"search_term_string\"}}],\"inLanguage\":\"de\"}]}<\/script>\n<!-- \/ Yoast SEO plugin. -->","yoast_head_json":{"title":"3B Black - Floorproof","robots":{"index":"index","follow":"follow","max-snippet":"max-snippet:-1","max-image-preview":"max-image-preview:large","max-video-preview":"max-video-preview:-1"},"canonical":"https:\/\/www.floorproof.com\/de\/produkt\/3b-black\/","og_locale":"de_DE","og_type":"article","og_title":"3B Black - Floorproof","og_description":"Diese ist sehr geeignet f\u00fcr das Au\u00dfenbereich, aber auch f\u00fcr den Teppichboden Innen.","og_url":"https:\/\/www.floorproof.com\/de\/produkt\/3b-black\/","og_site_name":"Floorproof","article_modified_time":"2021-01-19T10:53:36+00:00","og_image":[{"width":2560,"height":2560,"url":"https:\/\/www.floorproof.com\/wp-content\/uploads\/2017\/06\/28-scaled-1.jpg","type":"image\/jpeg"}],"twitter_card":"summary_large_image","schema":{"@context":"https:\/\/schema.org","@graph":[{"@type":"WebPage","@id":"https:\/\/www.floorproof.com\/de\/produkt\/3b-black\/","url":"https:\/\/www.floorproof.com\/de\/produkt\/3b-black\/","name":"3B Black - Floorproof","isPartOf":{"@id":"https:\/\/www.floorproof.com\/de\/#website"},"primaryImageOfPage":{"@id":"https:\/\/www.floorproof.com\/de\/produkt\/3b-black\/#primaryimage"},"image":{"@id":"https:\/\/www.floorproof.com\/de\/produkt\/3b-black\/#primaryimage"},"thumbnailUrl":"https:\/\/www.floorproof.com\/wp-content\/uploads\/2017\/06\/28-scaled-1.jpg","datePublished":"2017-06-14T08:07:28+00:00","dateModified":"2021-01-19T10:53:36+00:00","breadcrumb":{"@id":"https:\/\/www.floorproof.com\/de\/produkt\/3b-black\/#breadcrumb"},"inLanguage":"de","potentialAction":[{"@type":"ReadAction","target":["https:\/\/www.floorproof.com\/de\/produkt\/3b-black\/"]}]},{"@type":"ImageObject","inLanguage":"de","@id":"https:\/\/www.floorproof.com\/de\/produkt\/3b-black\/#primaryimage","url":"https:\/\/www.floorproof.com\/wp-content\/uploads\/2017\/06\/28-scaled-1.jpg","contentUrl":"https:\/\/www.floorproof.com\/wp-content\/uploads\/2017\/06\/28-scaled-1.jpg","width":2560,"height":2560},{"@type":"BreadcrumbList","@id":"https:\/\/www.floorproof.com\/de\/produkt\/3b-black\/#breadcrumb","itemListElement":[{"@type":"ListItem","position":1,"name":"Home","item":"https:\/\/www.floorproof.com\/de\/"},{"@type":"ListItem","position":2,"name":"Shop","item":"https:\/\/www.floorproof.com\/de\/shop\/"},{"@type":"ListItem","position":3,"name":"3B Black"}]},{"@type":"WebSite","@id":"https:\/\/www.floorproof.com\/de\/#website","url":"https:\/\/www.floorproof.com\/de\/","name":"Floorproof","description":"","potentialAction":[{"@type":"SearchAction","target":{"@type":"EntryPoint","urlTemplate":"https:\/\/www.floorproof.com\/de\/?s={search_term_string}"},"query-input":{"@type":"PropertyValueSpecification","valueRequired":true,"valueName":"search_term_string"}}],"inLanguage":"de"}]}},"_links":{"self":[{"href":"https:\/\/www.floorproof.com\/de\/wp-json\/wp\/v2\/product\/9957","targetHints":{"allow":["GET"]}}],"collection":[{"href":"https:\/\/www.floorproof.com\/de\/wp-json\/wp\/v2\/product"}],"about":[{"href":"https:\/\/www.floorproof.com\/de\/wp-json\/wp\/v2\/types\/product"}],"version-history":[{"count":2,"href":"https:\/\/www.floorproof.com\/de\/wp-json\/wp\/v2\/product\/9957\/revisions"}],"predecessor-version":[{"id":10604,"href":"https:\/\/www.floorproof.com\/de\/wp-json\/wp\/v2\/product\/9957\/revisions\/10604"}],"wp:featuredmedia":[{"embeddable":true,"href":"https:\/\/www.floorproof.com\/de\/wp-json\/wp\/v2\/media\/9739"}],"wp:attachment":[{"href":"https:\/\/www.floorproof.com\/de\/wp-json\/wp\/v2\/media?parent=9957"}],"wp:term":[{"taxonomy":"product_cat","embeddable":true,"href":"https:\/\/www.floorproof.com\/de\/wp-json\/wp\/v2\/product_cat?post=9957"},{"taxonomy":"product_tag","embeddable":true,"href":"https:\/\/www.floorproof.com\/de\/wp-json\/wp\/v2\/product_tag?post=9957"}],"curies":[{"name":"wp","href":"https:\/\/api.w.org\/{rel}","templated":true}]}}