{"id":9966,"date":"2020-07-21T08:31:37","date_gmt":"2020-07-21T08:31:37","guid":{"rendered":"https:\/\/www.floorproof.com\/product\/4a-vilt\/"},"modified":"2021-01-19T10:58:05","modified_gmt":"2021-01-19T10:58:05","slug":"4a-vilt","status":"publish","type":"product","link":"https:\/\/www.floorproof.com\/de\/produkt\/4a-vilt\/","title":{"rendered":"4A Vilt"},"content":{"rendered":"\t\t<div data-elementor-type=\"wp-post\" data-elementor-id=\"9966\" class=\"elementor elementor-9966 elementor-8091\" data-elementor-post-type=\"product\">\n\t\t\t\t\t\t<section class=\"elementor-section elementor-top-section elementor-element elementor-element-1efcbb4 elementor-section-boxed elementor-section-height-default elementor-section-height-default wd-section-disabled\" data-id=\"1efcbb4\" data-element_type=\"section\" data-e-type=\"section\">\n\t\t\t\t\t\t<div class=\"elementor-container elementor-column-gap-default\">\n\t\t\t\t\t<div class=\"elementor-column elementor-col-100 elementor-top-column elementor-element elementor-element-b7331d5\" data-id=\"b7331d5\" data-element_type=\"column\" data-e-type=\"column\">\n\t\t\t<div class=\"elementor-widget-wrap elementor-element-populated\">\n\t\t\t\t\t\t<div class=\"elementor-element elementor-element-a126620 elementor-widget elementor-widget-wp-widget-text\" data-id=\"a126620\" data-element_type=\"widget\" data-e-type=\"widget\" data-widget_type=\"wp-widget-text.default\">\n\t\t\t\t<div class=\"elementor-widget-container\">\n\t\t\t\t\t\t\t\t<div class=\"textwidget\"><p>Deze insert is zeer geschikt voor harde vloeren. Wordt veel toegepast op laminaat en (hardsteen) tegelvloeren. Doordat het vilt thermisch met het klikgedeelte is versmolten zal het vilt hier niet onder vandaan schuiven, wat wel de meest gehoorde klacht is van andere doppen en plakviltjes.<\/p>\n<\/div>\n\t\t\t\t\t\t<\/div>\n\t\t\t\t<\/div>\n\t\t\t\t\t<\/div>\n\t\t<\/div>\n\t\t\t\t\t<\/div>\n\t\t<\/section>\n\t\t\t\t<\/div>\n\t\t","protected":false},"excerpt":{"rendered":"<p>Dieser Einsatz ist sehr gut f\u00fcr harte B\u00f6den geeignet. Wird h\u00e4ufig auf Laminat- und (Stein-) Fliesenb\u00f6den verwendet. Da der Filz mit dem Klickteil thermisch geschmolzen ist, rutscht der Filz nicht von unten heraus, was die h\u00e4ufigste Beschwerde bei anderen Kappen und Klebefilzen ist.<\/p>\n","protected":false},"featured_media":9745,"template":"","meta":[],"product_cat":[84],"product_tag":[],"class_list":{"0":"post-9966","1":"product","2":"type-product","3":"status-publish","4":"has-post-thumbnail","6":"product_cat-einsaetze","8":"first","9":"instock","10":"taxable","11":"shipping-taxable","12":"purchasable","13":"product-type-simple"},"yoast_head":"<!-- This site is optimized with the Yoast SEO plugin v26.8 - https:\/\/yoast.com\/product\/yoast-seo-wordpress\/ -->\n<title>4A Vilt - Floorproof<\/title>\n<meta name=\"robots\" content=\"index, follow, max-snippet:-1, max-image-preview:large, max-video-preview:-1\" \/>\n<link rel=\"canonical\" href=\"https:\/\/www.floorproof.com\/de\/produkt\/4a-vilt\/\" \/>\n<meta property=\"og:locale\" content=\"de_DE\" \/>\n<meta property=\"og:type\" content=\"article\" \/>\n<meta property=\"og:title\" content=\"4A Vilt - Floorproof\" \/>\n<meta property=\"og:description\" content=\"Dieser Einsatz ist sehr gut f\u00fcr harte B\u00f6den geeignet. Wird h\u00e4ufig auf Laminat- und (Stein-) Fliesenb\u00f6den verwendet. Da der Filz mit dem Klickteil thermisch geschmolzen ist, rutscht der Filz nicht von unten heraus, was die h\u00e4ufigste Beschwerde bei anderen Kappen und Klebefilzen ist.\" \/>\n<meta property=\"og:url\" content=\"https:\/\/www.floorproof.com\/de\/produkt\/4a-vilt\/\" \/>\n<meta property=\"og:site_name\" content=\"Floorproof\" \/>\n<meta property=\"article:modified_time\" content=\"2021-01-19T10:58:05+00:00\" \/>\n<meta property=\"og:image\" content=\"https:\/\/www.floorproof.com\/wp-content\/uploads\/2020\/07\/25-1030x1030-1.jpg\" \/>\n\t<meta property=\"og:image:width\" content=\"1030\" \/>\n\t<meta property=\"og:image:height\" content=\"1030\" \/>\n\t<meta property=\"og:image:type\" content=\"image\/jpeg\" \/>\n<meta name=\"twitter:card\" content=\"summary_large_image\" \/>\n<script type=\"application\/ld+json\" class=\"yoast-schema-graph\">{\"@context\":\"https:\/\/schema.org\",\"@graph\":[{\"@type\":\"WebPage\",\"@id\":\"https:\/\/www.floorproof.com\/de\/produkt\/4a-vilt\/\",\"url\":\"https:\/\/www.floorproof.com\/de\/produkt\/4a-vilt\/\",\"name\":\"4A Vilt - Floorproof\",\"isPartOf\":{\"@id\":\"https:\/\/www.floorproof.com\/de\/#website\"},\"primaryImageOfPage\":{\"@id\":\"https:\/\/www.floorproof.com\/de\/produkt\/4a-vilt\/#primaryimage\"},\"image\":{\"@id\":\"https:\/\/www.floorproof.com\/de\/produkt\/4a-vilt\/#primaryimage\"},\"thumbnailUrl\":\"https:\/\/www.floorproof.com\/wp-content\/uploads\/2020\/07\/25-1030x1030-1.jpg\",\"datePublished\":\"2020-07-21T08:31:37+00:00\",\"dateModified\":\"2021-01-19T10:58:05+00:00\",\"breadcrumb\":{\"@id\":\"https:\/\/www.floorproof.com\/de\/produkt\/4a-vilt\/#breadcrumb\"},\"inLanguage\":\"de\",\"potentialAction\":[{\"@type\":\"ReadAction\",\"target\":[\"https:\/\/www.floorproof.com\/de\/produkt\/4a-vilt\/\"]}]},{\"@type\":\"ImageObject\",\"inLanguage\":\"de\",\"@id\":\"https:\/\/www.floorproof.com\/de\/produkt\/4a-vilt\/#primaryimage\",\"url\":\"https:\/\/www.floorproof.com\/wp-content\/uploads\/2020\/07\/25-1030x1030-1.jpg\",\"contentUrl\":\"https:\/\/www.floorproof.com\/wp-content\/uploads\/2020\/07\/25-1030x1030-1.jpg\",\"width\":1030,\"height\":1030},{\"@type\":\"BreadcrumbList\",\"@id\":\"https:\/\/www.floorproof.com\/de\/produkt\/4a-vilt\/#breadcrumb\",\"itemListElement\":[{\"@type\":\"ListItem\",\"position\":1,\"name\":\"Home\",\"item\":\"https:\/\/www.floorproof.com\/de\/\"},{\"@type\":\"ListItem\",\"position\":2,\"name\":\"Shop\",\"item\":\"https:\/\/www.floorproof.com\/de\/shop\/\"},{\"@type\":\"ListItem\",\"position\":3,\"name\":\"4A Vilt\"}]},{\"@type\":\"WebSite\",\"@id\":\"https:\/\/www.floorproof.com\/de\/#website\",\"url\":\"https:\/\/www.floorproof.com\/de\/\",\"name\":\"Floorproof\",\"description\":\"\",\"potentialAction\":[{\"@type\":\"SearchAction\",\"target\":{\"@type\":\"EntryPoint\",\"urlTemplate\":\"https:\/\/www.floorproof.com\/de\/?s={search_term_string}\"},\"query-input\":{\"@type\":\"PropertyValueSpecification\",\"valueRequired\":true,\"valueName\":\"search_term_string\"}}],\"inLanguage\":\"de\"}]}<\/script>\n<!-- \/ Yoast SEO plugin. -->","yoast_head_json":{"title":"4A Vilt - Floorproof","robots":{"index":"index","follow":"follow","max-snippet":"max-snippet:-1","max-image-preview":"max-image-preview:large","max-video-preview":"max-video-preview:-1"},"canonical":"https:\/\/www.floorproof.com\/de\/produkt\/4a-vilt\/","og_locale":"de_DE","og_type":"article","og_title":"4A Vilt - Floorproof","og_description":"Dieser Einsatz ist sehr gut f\u00fcr harte B\u00f6den geeignet. Wird h\u00e4ufig auf Laminat- und (Stein-) Fliesenb\u00f6den verwendet. Da der Filz mit dem Klickteil thermisch geschmolzen ist, rutscht der Filz nicht von unten heraus, was die h\u00e4ufigste Beschwerde bei anderen Kappen und Klebefilzen ist.","og_url":"https:\/\/www.floorproof.com\/de\/produkt\/4a-vilt\/","og_site_name":"Floorproof","article_modified_time":"2021-01-19T10:58:05+00:00","og_image":[{"width":1030,"height":1030,"url":"https:\/\/www.floorproof.com\/wp-content\/uploads\/2020\/07\/25-1030x1030-1.jpg","type":"image\/jpeg"}],"twitter_card":"summary_large_image","schema":{"@context":"https:\/\/schema.org","@graph":[{"@type":"WebPage","@id":"https:\/\/www.floorproof.com\/de\/produkt\/4a-vilt\/","url":"https:\/\/www.floorproof.com\/de\/produkt\/4a-vilt\/","name":"4A Vilt - Floorproof","isPartOf":{"@id":"https:\/\/www.floorproof.com\/de\/#website"},"primaryImageOfPage":{"@id":"https:\/\/www.floorproof.com\/de\/produkt\/4a-vilt\/#primaryimage"},"image":{"@id":"https:\/\/www.floorproof.com\/de\/produkt\/4a-vilt\/#primaryimage"},"thumbnailUrl":"https:\/\/www.floorproof.com\/wp-content\/uploads\/2020\/07\/25-1030x1030-1.jpg","datePublished":"2020-07-21T08:31:37+00:00","dateModified":"2021-01-19T10:58:05+00:00","breadcrumb":{"@id":"https:\/\/www.floorproof.com\/de\/produkt\/4a-vilt\/#breadcrumb"},"inLanguage":"de","potentialAction":[{"@type":"ReadAction","target":["https:\/\/www.floorproof.com\/de\/produkt\/4a-vilt\/"]}]},{"@type":"ImageObject","inLanguage":"de","@id":"https:\/\/www.floorproof.com\/de\/produkt\/4a-vilt\/#primaryimage","url":"https:\/\/www.floorproof.com\/wp-content\/uploads\/2020\/07\/25-1030x1030-1.jpg","contentUrl":"https:\/\/www.floorproof.com\/wp-content\/uploads\/2020\/07\/25-1030x1030-1.jpg","width":1030,"height":1030},{"@type":"BreadcrumbList","@id":"https:\/\/www.floorproof.com\/de\/produkt\/4a-vilt\/#breadcrumb","itemListElement":[{"@type":"ListItem","position":1,"name":"Home","item":"https:\/\/www.floorproof.com\/de\/"},{"@type":"ListItem","position":2,"name":"Shop","item":"https:\/\/www.floorproof.com\/de\/shop\/"},{"@type":"ListItem","position":3,"name":"4A Vilt"}]},{"@type":"WebSite","@id":"https:\/\/www.floorproof.com\/de\/#website","url":"https:\/\/www.floorproof.com\/de\/","name":"Floorproof","description":"","potentialAction":[{"@type":"SearchAction","target":{"@type":"EntryPoint","urlTemplate":"https:\/\/www.floorproof.com\/de\/?s={search_term_string}"},"query-input":{"@type":"PropertyValueSpecification","valueRequired":true,"valueName":"search_term_string"}}],"inLanguage":"de"}]}},"_links":{"self":[{"href":"https:\/\/www.floorproof.com\/de\/wp-json\/wp\/v2\/product\/9966","targetHints":{"allow":["GET"]}}],"collection":[{"href":"https:\/\/www.floorproof.com\/de\/wp-json\/wp\/v2\/product"}],"about":[{"href":"https:\/\/www.floorproof.com\/de\/wp-json\/wp\/v2\/types\/product"}],"version-history":[{"count":4,"href":"https:\/\/www.floorproof.com\/de\/wp-json\/wp\/v2\/product\/9966\/revisions"}],"predecessor-version":[{"id":10611,"href":"https:\/\/www.floorproof.com\/de\/wp-json\/wp\/v2\/product\/9966\/revisions\/10611"}],"wp:featuredmedia":[{"embeddable":true,"href":"https:\/\/www.floorproof.com\/de\/wp-json\/wp\/v2\/media\/9745"}],"wp:attachment":[{"href":"https:\/\/www.floorproof.com\/de\/wp-json\/wp\/v2\/media?parent=9966"}],"wp:term":[{"taxonomy":"product_cat","embeddable":true,"href":"https:\/\/www.floorproof.com\/de\/wp-json\/wp\/v2\/product_cat?post=9966"},{"taxonomy":"product_tag","embeddable":true,"href":"https:\/\/www.floorproof.com\/de\/wp-json\/wp\/v2\/product_tag?post=9966"}],"curies":[{"name":"wp","href":"https:\/\/api.w.org\/{rel}","templated":true}]}}